{"id":435,"date":"2025-02-12T16:31:20","date_gmt":"2025-02-12T16:31:20","guid":{"rendered":"https:\/\/nutshel.fi\/?page_id=435"},"modified":"2026-02-12T19:49:57","modified_gmt":"2026-02-12T17:49:57","slug":"25km","status":"publish","type":"page","link":"https:\/\/nutshel.fi\/fi\/matkat\/25km\/","title":{"rendered":"25 km"},"content":{"rendered":"<script type=\"text\/javascript\" src=\"https:\/\/api-oa.com\/jscr\/loader.js?id=dc6nqe&lang=fi\" data-dp=\"806532657\"><\/script>\n\n\n<style>.wp-block-kadence-advancedbtn.kb-btns435_9c7895-0d{gap:var(--global-kb-gap-xs, 0.5rem );justify-content:flex-start;align-items:center;}.kt-btns435_9c7895-0d .kt-button{font-weight:normal;font-style:normal;}.kt-btns435_9c7895-0d .kt-btn-wrap-0{margin-right:5px;}.wp-block-kadence-advancedbtn.kt-btns435_9c7895-0d .kt-btn-wrap-0 .kt-button{color:#555555;border-color:#555555;}.wp-block-kadence-advancedbtn.kt-btns435_9c7895-0d .kt-btn-wrap-0 .kt-button:hover, .wp-block-kadence-advancedbtn.kt-btns435_9c7895-0d .kt-btn-wrap-0 .kt-button:focus{color:#ffffff;border-color:#444444;}.wp-block-kadence-advancedbtn.kt-btns435_9c7895-0d .kt-btn-wrap-0 .kt-button::before{display:none;}.wp-block-kadence-advancedbtn.kt-btns435_9c7895-0d .kt-btn-wrap-0 .kt-button:hover, .wp-block-kadence-advancedbtn.kt-btns435_9c7895-0d .kt-btn-wrap-0 .kt-button:focus{background:#444444;}<\/style>\n<div class=\"wp-block-kadence-advancedbtn kb-buttons-wrap kb-btns435_9c7895-0d\"><style>ul.menu .wp-block-kadence-advancedbtn .kb-btn435_4d8552-f5.kb-button{width:initial;}<\/style><a class=\"kb-button kt-button button kb-btn435_4d8552-f5 kt-btn-size-large kt-btn-width-type-auto kb-btn-global-fill  kt-btn-has-text-true kt-btn-has-svg-false  wp-block-kadence-singlebtn\" href=\"https:\/\/nutshel.fi\/fi\/ilmoittaudu\/\"><span class=\"kt-btn-inner-text\">Tule mukaan \ud83d\udd25 ><\/span><\/a><\/div>\n\n\n\n<h2 class=\"wp-block-heading\">Polku alkaa t\u00e4st\u00e4<\/h2>\n\n\n\n<p>Monelle NUTS HEL on ensimm\u00e4inen askel polkujuoksun maailmaan. Jollekin se on yksi ilta tai yksi matka, toiselle alku pidemm\u00e4lle polulle.<\/p>\n\n\n\n<p>Intro Trail 6K madaltaa kynnyst\u00e4, 14 km syvent\u00e4\u00e4 kokemusta ja 25 km vie Keskuspuiston poluille kokonaisena haasteena. Kaikki matkat kulkevat samaa reitti\u00e4 hetken yhdess\u00e4 ja k\u00e4\u00e4ntyv\u00e4t sitten omille poluilleen \u2013 aivan kuten juoksijatkin.<\/p>\n\n\n\n<p>Osallistujille tarjotaan ennakkop\u00e4\u00e4sy NUTS Karhunkierroksen ilmoittautumiseen. Se on seuraava askel niille, joita polku alkaa HELiss\u00e4 vet\u00e4\u00e4 pidemm\u00e4lle.<\/p>\n\n\n<style>.kt-post-loop508_2a50ce-e2 .kadence-post-image{padding-top:0px;padding-right:0px;padding-bottom:0px;padding-left:0px;}.kt-post-loop508_2a50ce-e2 .kt-post-grid-wrap{gap:30px 10px;}.kt-post-loop508_2a50ce-e2 .kt-blocks-post-grid-item{border-top-left-radius:0px;border-top-right-radius:0px;border-bottom-right-radius:0px;border-bottom-left-radius:0px;border-top-color:currentColor;border-top-style:solid;border-right-color:currentColor;border-right-style:solid;border-bottom-color:currentColor;border-bottom-style:solid;border-left-color:currentColor;border-left-style:solid;overflow:hidden;}.kt-post-loop508_2a50ce-e2 .kt-blocks-post-grid-item .kt-blocks-post-grid-item-inner{padding-top:0px;padding-right:15px;padding-bottom:0px;padding-left:15px;}.kt-post-loop508_2a50ce-e2 .kt-blocks-post-grid-item header{padding-top:0px;padding-right:15px;padding-bottom:10px;padding-left:15px;margin-top:-30px;margin-right:0px;margin-bottom:0px;margin-left:0px;background-color:#ffffff;}.kt-post-loop508_2a50ce-e2 .kt-blocks-post-grid-item .entry-title{padding-top:10px;padding-right:0px;padding-bottom:5px;padding-left:0px;margin-top:0px;margin-right:0px;margin-bottom:0px;margin-left:0px;font-size:28px;line-height:40px;}.kt-post-loop508_2a50ce-e2 .entry-content{padding-top:0px;padding-right:15px;padding-bottom:0px;padding-left:15px;margin-top:0px;margin-right:0px;margin-bottom:0px;margin-left:0px;}.kt-post-loop508_2a50ce-e2 .kt-blocks-post-footer{border-top-width:0px;border-right-width:0px;border-bottom-width:0px;border-left-width:0px;padding-top:0px;padding-right:15px;padding-bottom:5px;padding-left:15px;margin-top:0px;margin-right:0px;margin-bottom:0px;margin-left:0px;}.kt-post-loop508_2a50ce-e2 .entry-content:after{height:0px;}.kt-post-loop508_2a50ce-e2 .entry-content .kt-blocks-post-readmore{background-color:#ffffff;border-color:#333333;color:#333333;border-width:1px;padding-top:5px;padding-right:16px;padding-bottom:5px;padding-left:16px;margin-top:0px;margin-right:0px;margin-bottom:0px;margin-left:0px;}.kt-post-loop508_2a50ce-e2 .entry-content .kt-blocks-post-readmore:hover{color:#ffffff;border-color:#333333;background-color:#333333;}.kt-post-loop508_2a50ce-e2 .kb-filter-item{border-top-width:0px;border-right-width:0px;border-bottom-width:2px;border-left-width:0px;padding-top:5px;padding-right:8px;padding-bottom:5px;padding-left:8px;margin-top:0px;margin-right:10px;margin-bottom:0px;margin-left:0px;}.kt-post-loop508_2a50ce-e2.kt-post-grid-layout-carousel .kb-post-grid-pause-button{color:#000;background-color:rgba(255, 255, 255, 0.8);border:1px solid transparent;}@media all and (max-width: 1024px){.kt-post-loop508_2a50ce-e2 .kt-blocks-post-grid-item{border-top-color:currentColor;border-top-style:solid;border-right-color:currentColor;border-right-style:solid;border-bottom-color:currentColor;border-bottom-style:solid;border-left-color:currentColor;border-left-style:solid;}}@media all and (max-width: 767px){.kt-post-loop508_2a50ce-e2 .kt-blocks-post-grid-item{border-top-color:currentColor;border-top-style:solid;border-right-color:currentColor;border-right-style:solid;border-bottom-color:currentColor;border-bottom-style:solid;border-left-color:currentColor;border-left-style:solid;}}<\/style><div class=\"wp-block-kadence-postgrid kt-blocks-post-loop-block alignnone kt-post-loop508_2a50ce-e2 kt-post-grid-layout-carousel kadence-splide-wrap \"><div class=\"kt-post-grid-layout-carousel-wrap splide kt-carousel-arrowstyle-blackonlight kt-carousel-dotstyle-dark kb-slider-group-arrow kb-slider-arrow-position-center\" data-columns-xxl=\"3\" data-columns-xl=\"3\" data-columns-md=\"3\" data-columns-sm=\"2\" data-columns-xs=\"1\" data-columns-ss=\"1\" data-slider-anim-speed=\"400\" data-slider-scroll=\"1\" data-slider-dots=\"true\" data-slider-arrows=\"true\" data-slider-hover-pause=\"false\" data-slider-auto=\"true\"  data-slider-auto-scroll=\"false\" data-slider-speed=\"7000\" data-slider-gap=\"10\" data-slider-gap-tablet=\"10\" data-slider-gap-mobile=\"10\" data-slider-gap-unit=\"px\" data-show-pause-button=\"false\" data-item-selector=\".kt-post-masonry-item\" aria-label=\"Post Carousel\"><div class=\"kadence-splide-slider-init splide__track\"><ul class=\"kadence-splide-slider-wrap kt-post-grid-wrap\" data-columns-xxl=\"3\" data-columns-xl=\"3\" data-columns-md=\"3\" data-columns-sm=\"2\" data-columns-xs=\"1\" data-columns-ss=\"1\"><li class=\"kt-post-slider-item post-435 page type-page status-publish has-post-thumbnail hentry\"><article class=\"kt-blocks-post-grid-item\"><div class=\"kt-blocks-post-grid-item-inner-wrap kt-feat-image-align-top kt-feat-image-mobile-align-top\"><div class=\"kadence-post-image\"><div class=\"kadence-post-image-intrisic kt-image-ratio-66-67\" style=\"padding-bottom:66.67%;\"><div class=\"kadence-post-image-inner-intrisic\"><a aria-hidden=\"true\" tabindex=\"-1\" role=\"presentation\" href=\"https:\/\/nutshel.fi\/fi\/matkat\/25km\/\" aria-label=\"25 km\" class=\"kadence-post-image-inner-wrap\"><img loading=\"lazy\" decoding=\"async\" width=\"768\" height=\"512\" src=\"https:\/\/media.nuts.fi\/wp-content\/uploads\/sites\/10\/2026\/02\/12194941\/nuts_hel_25km-768x512.webp\" class=\"attachment-medium_large size-medium_large wp-post-image\" alt=\"\" srcset=\"https:\/\/media.nuts.fi\/wp-content\/uploads\/sites\/10\/2026\/02\/12194941\/nuts_hel_25km-768x512.webp 768w, https:\/\/media.nuts.fi\/wp-content\/uploads\/sites\/10\/2026\/02\/12194941\/nuts_hel_25km-300x200.webp 300w, https:\/\/media.nuts.fi\/wp-content\/uploads\/sites\/10\/2026\/02\/12194941\/nuts_hel_25km-1024x683.webp 1024w, https:\/\/media.nuts.fi\/wp-content\/uploads\/sites\/10\/2026\/02\/12194941\/nuts_hel_25km-1536x1025.webp 1536w, https:\/\/media.nuts.fi\/wp-content\/uploads\/sites\/10\/2026\/02\/12194941\/nuts_hel_25km.webp 2024w\" sizes=\"auto, (max-width: 768px) 100vw, 768px\" \/><\/a><\/div><\/div><\/div><div class=\"kt-blocks-post-grid-item-inner\"><header><h2 class=\"entry-title\"><a href=\"https:\/\/nutshel.fi\/fi\/matkat\/25km\/\">25 km<\/a><\/h2><div class=\"kt-blocks-post-top-meta\"><\/div><\/header><div class=\"entry-content\">25 kilometri\u00e4 urbaania polkujuoksua. Keskuspuiston kuninkuusmatka.<div class=\"kt-blocks-post-readmore-wrap\"><a class=\"kt-blocks-post-readmore\" href=\"https:\/\/nutshel.fi\/fi\/matkat\/25km\/\">Tutustu \u203a<span class=\"screen-reader-text\"> 25 km<\/span><\/a><\/div><\/div><footer class=\"kt-blocks-post-footer\"><div class=\"kt-blocks-post-footer-left\"><\/div><div class=\"kt-blocks-post-footer-right\"><\/div><\/footer><\/div><\/div><\/article><\/li><li class=\"kt-post-slider-item post-437 page type-page status-publish has-post-thumbnail hentry\"><article class=\"kt-blocks-post-grid-item\"><div class=\"kt-blocks-post-grid-item-inner-wrap kt-feat-image-align-top kt-feat-image-mobile-align-top\"><div class=\"kadence-post-image\"><div class=\"kadence-post-image-intrisic kt-image-ratio-66-67\" style=\"padding-bottom:66.67%;\"><div class=\"kadence-post-image-inner-intrisic\"><a aria-hidden=\"true\" tabindex=\"-1\" role=\"presentation\" href=\"https:\/\/nutshel.fi\/fi\/matkat\/14km\/\" aria-label=\"14 km\" class=\"kadence-post-image-inner-wrap\"><img loading=\"lazy\" decoding=\"async\" width=\"768\" height=\"512\" src=\"https:\/\/media.nuts.fi\/wp-content\/uploads\/sites\/10\/2026\/02\/12194827\/nuts_hel_14km-768x512.webp\" class=\"attachment-medium_large size-medium_large wp-post-image\" alt=\"\" srcset=\"https:\/\/media.nuts.fi\/wp-content\/uploads\/sites\/10\/2026\/02\/12194827\/nuts_hel_14km-768x512.webp 768w, https:\/\/media.nuts.fi\/wp-content\/uploads\/sites\/10\/2026\/02\/12194827\/nuts_hel_14km-300x200.webp 300w, https:\/\/media.nuts.fi\/wp-content\/uploads\/sites\/10\/2026\/02\/12194827\/nuts_hel_14km-1024x682.webp 1024w, https:\/\/media.nuts.fi\/wp-content\/uploads\/sites\/10\/2026\/02\/12194827\/nuts_hel_14km-1536x1024.webp 1536w, https:\/\/media.nuts.fi\/wp-content\/uploads\/sites\/10\/2026\/02\/12194827\/nuts_hel_14km.webp 2024w\" sizes=\"auto, (max-width: 768px) 100vw, 768px\" \/><\/a><\/div><\/div><\/div><div class=\"kt-blocks-post-grid-item-inner\"><header><h2 class=\"entry-title\"><a href=\"https:\/\/nutshel.fi\/fi\/matkat\/14km\/\">14 km<\/a><\/h2><div class=\"kt-blocks-post-top-meta\"><\/div><\/header><div class=\"entry-content\">Nopea ja monipuolinen polkuhaaste Helsingin Keskuspuistossa.<div class=\"kt-blocks-post-readmore-wrap\"><a class=\"kt-blocks-post-readmore\" href=\"https:\/\/nutshel.fi\/fi\/matkat\/14km\/\">Tutustu \u203a<span class=\"screen-reader-text\"> 14 km<\/span><\/a><\/div><\/div><footer class=\"kt-blocks-post-footer\"><div class=\"kt-blocks-post-footer-left\"><\/div><div class=\"kt-blocks-post-footer-right\"><\/div><\/footer><\/div><\/div><\/article><\/li><li class=\"kt-post-slider-item post-819 page type-page status-publish has-post-thumbnail hentry\"><article class=\"kt-blocks-post-grid-item\"><div class=\"kt-blocks-post-grid-item-inner-wrap kt-feat-image-align-top kt-feat-image-mobile-align-top\"><div class=\"kadence-post-image\"><div class=\"kadence-post-image-intrisic kt-image-ratio-66-67\" style=\"padding-bottom:66.67%;\"><div class=\"kadence-post-image-inner-intrisic\"><a aria-hidden=\"true\" tabindex=\"-1\" role=\"presentation\" href=\"https:\/\/nutshel.fi\/fi\/matkat\/nightfall\/\" aria-label=\"Nightfall 6K\" class=\"kadence-post-image-inner-wrap\"><img loading=\"lazy\" decoding=\"async\" width=\"768\" height=\"512\" src=\"https:\/\/media.nuts.fi\/wp-content\/uploads\/sites\/10\/2026\/02\/12133354\/NUTS_HEL_Nightfall-768x512.webp\" class=\"attachment-medium_large size-medium_large wp-post-image\" alt=\"\" srcset=\"https:\/\/media.nuts.fi\/wp-content\/uploads\/sites\/10\/2026\/02\/12133354\/NUTS_HEL_Nightfall-768x512.webp 768w, https:\/\/media.nuts.fi\/wp-content\/uploads\/sites\/10\/2026\/02\/12133354\/NUTS_HEL_Nightfall-300x200.webp 300w, https:\/\/media.nuts.fi\/wp-content\/uploads\/sites\/10\/2026\/02\/12133354\/NUTS_HEL_Nightfall-1024x683.webp 1024w, https:\/\/media.nuts.fi\/wp-content\/uploads\/sites\/10\/2026\/02\/12133354\/NUTS_HEL_Nightfall.webp 1536w\" sizes=\"auto, (max-width: 768px) 100vw, 768px\" \/><\/a><\/div><\/div><\/div><div class=\"kt-blocks-post-grid-item-inner\"><header><h2 class=\"entry-title\"><a href=\"https:\/\/nutshel.fi\/fi\/matkat\/nightfall\/\">Nightfall 6K<\/a><\/h2><div class=\"kt-blocks-post-top-meta\"><\/div><\/header><div class=\"entry-content\">Kuusi kilometri\u00e4 urbaania pimeytt\u00e4. Otsalamput syttyv\u00e4t, kaupunki j\u00e4\u00e4 taakse ja polku alkaa.<div class=\"kt-blocks-post-readmore-wrap\"><a class=\"kt-blocks-post-readmore\" href=\"https:\/\/nutshel.fi\/fi\/matkat\/nightfall\/\">Tutustu \u203a<span class=\"screen-reader-text\"> Nightfall 6K<\/span><\/a><\/div><\/div><footer class=\"kt-blocks-post-footer\"><div class=\"kt-blocks-post-footer-left\"><\/div><div class=\"kt-blocks-post-footer-right\"><\/div><\/footer><\/div><\/div><\/article><\/li><li class=\"kt-post-slider-item post-440 page type-page status-publish has-post-thumbnail hentry\"><article class=\"kt-blocks-post-grid-item hide-on-js\"><div class=\"kt-blocks-post-grid-item-inner-wrap kt-feat-image-align-top kt-feat-image-mobile-align-top\"><div class=\"kadence-post-image\"><div class=\"kadence-post-image-intrisic kt-image-ratio-66-67\" style=\"padding-bottom:66.67%;\"><div class=\"kadence-post-image-inner-intrisic\"><a aria-hidden=\"true\" tabindex=\"-1\" role=\"presentation\" href=\"https:\/\/nutshel.fi\/fi\/matkat\/6km\/\" aria-label=\"Intro Trail 6K\" class=\"kadence-post-image-inner-wrap\"><img loading=\"lazy\" decoding=\"async\" width=\"768\" height=\"512\" src=\"https:\/\/media.nuts.fi\/wp-content\/uploads\/sites\/10\/2026\/02\/12194503\/nuts_hel_6km-768x512.webp\" class=\"attachment-medium_large size-medium_large wp-post-image\" alt=\"\" srcset=\"https:\/\/media.nuts.fi\/wp-content\/uploads\/sites\/10\/2026\/02\/12194503\/nuts_hel_6km-768x512.webp 768w, https:\/\/media.nuts.fi\/wp-content\/uploads\/sites\/10\/2026\/02\/12194503\/nuts_hel_6km-300x200.webp 300w, https:\/\/media.nuts.fi\/wp-content\/uploads\/sites\/10\/2026\/02\/12194503\/nuts_hel_6km-1024x682.webp 1024w, https:\/\/media.nuts.fi\/wp-content\/uploads\/sites\/10\/2026\/02\/12194503\/nuts_hel_6km-1536x1024.webp 1536w, https:\/\/media.nuts.fi\/wp-content\/uploads\/sites\/10\/2026\/02\/12194503\/nuts_hel_6km.webp 2024w\" sizes=\"auto, (max-width: 768px) 100vw, 768px\" \/><\/a><\/div><\/div><\/div><div class=\"kt-blocks-post-grid-item-inner\"><header><h2 class=\"entry-title\"><a href=\"https:\/\/nutshel.fi\/fi\/matkat\/6km\/\">Intro Trail 6K<\/a><\/h2><div class=\"kt-blocks-post-top-meta\"><\/div><\/header><div class=\"entry-content\">Matalan kynnyksen 6 km polkujuoksu ensikertalaisille, nuorille ja kaikille, jotka haluavat kokeilla polkujuoksua.<div class=\"kt-blocks-post-readmore-wrap\"><a class=\"kt-blocks-post-readmore\" href=\"https:\/\/nutshel.fi\/fi\/matkat\/6km\/\">Tutustu \u203a<span class=\"screen-reader-text\"> Intro Trail 6K<\/span><\/a><\/div><\/div><footer class=\"kt-blocks-post-footer\"><div class=\"kt-blocks-post-footer-left\"><\/div><div class=\"kt-blocks-post-footer-right\"><\/div><\/footer><\/div><\/div><\/article><\/li><li class=\"kt-post-slider-item post-452 page type-page status-publish has-post-thumbnail hentry\"><article class=\"kt-blocks-post-grid-item hide-on-js\"><div class=\"kt-blocks-post-grid-item-inner-wrap kt-feat-image-align-top kt-feat-image-mobile-align-top\"><div class=\"kadence-post-image\"><div class=\"kadence-post-image-intrisic kt-image-ratio-66-67\" style=\"padding-bottom:66.67%;\"><div class=\"kadence-post-image-inner-intrisic\"><a aria-hidden=\"true\" tabindex=\"-1\" role=\"presentation\" href=\"https:\/\/nutshel.fi\/fi\/matkat\/nuts-kids-juniors\/\" aria-label=\"Kids &amp; Juniors\" class=\"kadence-post-image-inner-wrap\"><img loading=\"lazy\" decoding=\"async\" width=\"768\" height=\"512\" src=\"https:\/\/media.nuts.fi\/wp-content\/uploads\/sites\/10\/2026\/02\/12194350\/nuts_hel_kids-768x512.webp\" class=\"attachment-medium_large size-medium_large wp-post-image\" alt=\"\" srcset=\"https:\/\/media.nuts.fi\/wp-content\/uploads\/sites\/10\/2026\/02\/12194350\/nuts_hel_kids-768x512.webp 768w, https:\/\/media.nuts.fi\/wp-content\/uploads\/sites\/10\/2026\/02\/12194350\/nuts_hel_kids-300x200.webp 300w, https:\/\/media.nuts.fi\/wp-content\/uploads\/sites\/10\/2026\/02\/12194350\/nuts_hel_kids-1024x682.webp 1024w, https:\/\/media.nuts.fi\/wp-content\/uploads\/sites\/10\/2026\/02\/12194350\/nuts_hel_kids-1536x1024.webp 1536w, https:\/\/media.nuts.fi\/wp-content\/uploads\/sites\/10\/2026\/02\/12194350\/nuts_hel_kids.webp 2024w\" sizes=\"auto, (max-width: 768px) 100vw, 768px\" \/><\/a><\/div><\/div><\/div><div class=\"kt-blocks-post-grid-item-inner\"><header><h2 class=\"entry-title\"><a href=\"https:\/\/nutshel.fi\/fi\/matkat\/nuts-kids-juniors\/\">Kids &amp; Juniors<\/a><\/h2><div class=\"kt-blocks-post-top-meta\"><\/div><\/header><div class=\"entry-content\">Lasten oma NUTS-hetki. Kolme kilometri\u00e4 polkua, kannustusta ja onnistumisen iloa Keskuspuistossa.<div class=\"kt-blocks-post-readmore-wrap\"><a class=\"kt-blocks-post-readmore\" href=\"https:\/\/nutshel.fi\/fi\/matkat\/nuts-kids-juniors\/\">Tutustu \u203a<span class=\"screen-reader-text\"> Kids &amp; Juniors<\/span><\/a><\/div><\/div><footer class=\"kt-blocks-post-footer\"><div class=\"kt-blocks-post-footer-left\"><\/div><div class=\"kt-blocks-post-footer-right\"><\/div><\/footer><\/div><\/div><\/article><\/li><\/ul><\/div><\/div><\/div><!-- .wp-block-kadence-postgrid -->","protected":false},"excerpt":{"rendered":"<p>25 kilometri\u00e4 urbaania polkujuoksua. Keskuspuiston kuninkuusmatka.<\/p>\n","protected":false},"author":1,"featured_media":926,"parent":433,"menu_order":0,"comment_status":"closed","ping_status":"closed","template":"","meta":{"_kad_blocks_custom_css":"","_kad_blocks_head_custom_js":"","_kad_blocks_body_custom_js":"","_kad_blocks_footer_custom_js":"","_kad_post_transparent":"","_kad_post_title":"hide","_kad_post_layout":"","_kad_post_sidebar_id":"","_kad_post_content_style":"","_kad_post_vertical_padding":"","_kad_post_feature":"","_kad_post_feature_position":"","_kad_post_header":false,"_kad_post_footer":false,"_kad_post_classname":"","footnotes":""},"class_list":["post-435","page","type-page","status-publish","has-post-thumbnail","hentry"],"yoast_head":"<!-- This site is optimized with the Yoast SEO plugin v26.8 - https:\/\/yoast.com\/product\/yoast-seo-wordpress\/ -->\n<title>25 km - NUTS Hel<\/title>\n<meta name=\"robots\" content=\"index, follow, max-snippet:-1, max-image-preview:large, max-video-preview:-1\" \/>\n<link rel=\"canonical\" href=\"https:\/\/nutshel.fi\/fi\/matkat\/25km\/\" \/>\n<meta property=\"og:locale\" content=\"fi_FI\" \/>\n<meta property=\"og:type\" content=\"article\" \/>\n<meta property=\"og:title\" content=\"25 km - NUTS Hel\" \/>\n<meta property=\"og:description\" content=\"25 kilometri\u00e4 urbaania polkujuoksua. Keskuspuiston kuninkuusmatka.\" \/>\n<meta property=\"og:url\" content=\"https:\/\/nutshel.fi\/fi\/matkat\/25km\/\" \/>\n<meta property=\"og:site_name\" content=\"NUTS Hel\" \/>\n<meta property=\"article:modified_time\" content=\"2026-02-12T17:49:57+00:00\" \/>\n<meta property=\"og:image\" content=\"https:\/\/media.nuts.fi\/wp-content\/uploads\/sites\/10\/2026\/02\/12194941\/nuts_hel_25km.webp\" \/>\n\t<meta property=\"og:image:width\" content=\"2024\" \/>\n\t<meta property=\"og:image:height\" content=\"1350\" \/>\n\t<meta property=\"og:image:type\" content=\"image\/webp\" \/>\n<meta name=\"twitter:card\" content=\"summary_large_image\" \/>\n<meta name=\"twitter:label1\" content=\"Arvioitu lukuaika\" \/>\n\t<meta name=\"twitter:data1\" content=\"1 minuutti\" \/>\n<script type=\"application\/ld+json\" class=\"yoast-schema-graph\">{\"@context\":\"https:\/\/schema.org\",\"@graph\":[{\"@type\":\"WebPage\",\"@id\":\"https:\/\/nutshel.fi\/fi\/matkat\/25km\/\",\"url\":\"https:\/\/nutshel.fi\/fi\/matkat\/25km\/\",\"name\":\"25 km - NUTS Hel\",\"isPartOf\":{\"@id\":\"https:\/\/nutshel.fi\/fi\/#website\"},\"primaryImageOfPage\":{\"@id\":\"https:\/\/nutshel.fi\/fi\/matkat\/25km\/#primaryimage\"},\"image\":{\"@id\":\"https:\/\/nutshel.fi\/fi\/matkat\/25km\/#primaryimage\"},\"thumbnailUrl\":\"https:\/\/media.nuts.fi\/wp-content\/uploads\/sites\/10\/2026\/02\/12194941\/nuts_hel_25km.webp\",\"datePublished\":\"2025-02-12T16:31:20+00:00\",\"dateModified\":\"2026-02-12T17:49:57+00:00\",\"breadcrumb\":{\"@id\":\"https:\/\/nutshel.fi\/fi\/matkat\/25km\/#breadcrumb\"},\"inLanguage\":\"fi\",\"potentialAction\":[{\"@type\":\"ReadAction\",\"target\":[\"https:\/\/nutshel.fi\/fi\/matkat\/25km\/\"]}]},{\"@type\":\"ImageObject\",\"inLanguage\":\"fi\",\"@id\":\"https:\/\/nutshel.fi\/fi\/matkat\/25km\/#primaryimage\",\"url\":\"https:\/\/media.nuts.fi\/wp-content\/uploads\/sites\/10\/2026\/02\/12194941\/nuts_hel_25km.webp\",\"contentUrl\":\"https:\/\/media.nuts.fi\/wp-content\/uploads\/sites\/10\/2026\/02\/12194941\/nuts_hel_25km.webp\",\"width\":2024,\"height\":1350},{\"@type\":\"BreadcrumbList\",\"@id\":\"https:\/\/nutshel.fi\/fi\/matkat\/25km\/#breadcrumb\",\"itemListElement\":[{\"@type\":\"ListItem\",\"position\":1,\"name\":\"Etusivu\",\"item\":\"https:\/\/nutshel.fi\/fi\/\"},{\"@type\":\"ListItem\",\"position\":2,\"name\":\"Matkat\",\"item\":\"https:\/\/nutshel.fi\/fi\/matkat\/\"},{\"@type\":\"ListItem\",\"position\":3,\"name\":\"25 km\"}]},{\"@type\":\"WebSite\",\"@id\":\"https:\/\/nutshel.fi\/fi\/#website\",\"url\":\"https:\/\/nutshel.fi\/fi\/\",\"name\":\"NUTS Hel\",\"description\":\"Polkujuoksu Helsingin Keskuspuistossa\",\"publisher\":{\"@id\":\"https:\/\/nutshel.fi\/fi\/#organization\"},\"potentialAction\":[{\"@type\":\"SearchAction\",\"target\":{\"@type\":\"EntryPoint\",\"urlTemplate\":\"https:\/\/nutshel.fi\/fi\/?s={search_term_string}\"},\"query-input\":{\"@type\":\"PropertyValueSpecification\",\"valueRequired\":true,\"valueName\":\"search_term_string\"}}],\"inLanguage\":\"fi\"},{\"@type\":\"Organization\",\"@id\":\"https:\/\/nutshel.fi\/fi\/#organization\",\"name\":\"NUTS Hel\",\"url\":\"https:\/\/nutshel.fi\/fi\/\",\"logo\":{\"@type\":\"ImageObject\",\"inLanguage\":\"fi\",\"@id\":\"https:\/\/nutshel.fi\/fi\/#\/schema\/logo\/image\/\",\"url\":\"https:\/\/media.nuts.fi\/wp-content\/uploads\/sites\/10\/2025\/01\/28141659\/nuts-hel-white.svg\",\"contentUrl\":\"https:\/\/media.nuts.fi\/wp-content\/uploads\/sites\/10\/2025\/01\/28141659\/nuts-hel-white.svg\",\"caption\":\"NUTS Hel\"},\"image\":{\"@id\":\"https:\/\/nutshel.fi\/fi\/#\/schema\/logo\/image\/\"}}]}<\/script>\n<!-- \/ Yoast SEO plugin. -->","yoast_head_json":{"title":"25 km - NUTS Hel","robots":{"index":"index","follow":"follow","max-snippet":"max-snippet:-1","max-image-preview":"max-image-preview:large","max-video-preview":"max-video-preview:-1"},"canonical":"https:\/\/nutshel.fi\/fi\/matkat\/25km\/","og_locale":"fi_FI","og_type":"article","og_title":"25 km - NUTS Hel","og_description":"25 kilometri\u00e4 urbaania polkujuoksua. Keskuspuiston kuninkuusmatka.","og_url":"https:\/\/nutshel.fi\/fi\/matkat\/25km\/","og_site_name":"NUTS Hel","article_modified_time":"2026-02-12T17:49:57+00:00","og_image":[{"width":2024,"height":1350,"url":"https:\/\/media.nuts.fi\/wp-content\/uploads\/sites\/10\/2026\/02\/12194941\/nuts_hel_25km.webp","type":"image\/webp"}],"twitter_card":"summary_large_image","twitter_misc":{"Arvioitu lukuaika":"1 minuutti"},"schema":{"@context":"https:\/\/schema.org","@graph":[{"@type":"WebPage","@id":"https:\/\/nutshel.fi\/fi\/matkat\/25km\/","url":"https:\/\/nutshel.fi\/fi\/matkat\/25km\/","name":"25 km - NUTS Hel","isPartOf":{"@id":"https:\/\/nutshel.fi\/fi\/#website"},"primaryImageOfPage":{"@id":"https:\/\/nutshel.fi\/fi\/matkat\/25km\/#primaryimage"},"image":{"@id":"https:\/\/nutshel.fi\/fi\/matkat\/25km\/#primaryimage"},"thumbnailUrl":"https:\/\/media.nuts.fi\/wp-content\/uploads\/sites\/10\/2026\/02\/12194941\/nuts_hel_25km.webp","datePublished":"2025-02-12T16:31:20+00:00","dateModified":"2026-02-12T17:49:57+00:00","breadcrumb":{"@id":"https:\/\/nutshel.fi\/fi\/matkat\/25km\/#breadcrumb"},"inLanguage":"fi","potentialAction":[{"@type":"ReadAction","target":["https:\/\/nutshel.fi\/fi\/matkat\/25km\/"]}]},{"@type":"ImageObject","inLanguage":"fi","@id":"https:\/\/nutshel.fi\/fi\/matkat\/25km\/#primaryimage","url":"https:\/\/media.nuts.fi\/wp-content\/uploads\/sites\/10\/2026\/02\/12194941\/nuts_hel_25km.webp","contentUrl":"https:\/\/media.nuts.fi\/wp-content\/uploads\/sites\/10\/2026\/02\/12194941\/nuts_hel_25km.webp","width":2024,"height":1350},{"@type":"BreadcrumbList","@id":"https:\/\/nutshel.fi\/fi\/matkat\/25km\/#breadcrumb","itemListElement":[{"@type":"ListItem","position":1,"name":"Etusivu","item":"https:\/\/nutshel.fi\/fi\/"},{"@type":"ListItem","position":2,"name":"Matkat","item":"https:\/\/nutshel.fi\/fi\/matkat\/"},{"@type":"ListItem","position":3,"name":"25 km"}]},{"@type":"WebSite","@id":"https:\/\/nutshel.fi\/fi\/#website","url":"https:\/\/nutshel.fi\/fi\/","name":"NUTS Hel","description":"Polkujuoksu Helsingin Keskuspuistossa","publisher":{"@id":"https:\/\/nutshel.fi\/fi\/#organization"},"potentialAction":[{"@type":"SearchAction","target":{"@type":"EntryPoint","urlTemplate":"https:\/\/nutshel.fi\/fi\/?s={search_term_string}"},"query-input":{"@type":"PropertyValueSpecification","valueRequired":true,"valueName":"search_term_string"}}],"inLanguage":"fi"},{"@type":"Organization","@id":"https:\/\/nutshel.fi\/fi\/#organization","name":"NUTS Hel","url":"https:\/\/nutshel.fi\/fi\/","logo":{"@type":"ImageObject","inLanguage":"fi","@id":"https:\/\/nutshel.fi\/fi\/#\/schema\/logo\/image\/","url":"https:\/\/media.nuts.fi\/wp-content\/uploads\/sites\/10\/2025\/01\/28141659\/nuts-hel-white.svg","contentUrl":"https:\/\/media.nuts.fi\/wp-content\/uploads\/sites\/10\/2025\/01\/28141659\/nuts-hel-white.svg","caption":"NUTS Hel"},"image":{"@id":"https:\/\/nutshel.fi\/fi\/#\/schema\/logo\/image\/"}}]}},"taxonomy_info":[],"featured_image_src_large":["https:\/\/media.nuts.fi\/wp-content\/uploads\/sites\/10\/2026\/02\/12194941\/nuts_hel_25km-1024x683.webp",1024,683,true],"author_info":{"display_name":"NUTS","author_link":"https:\/\/nutshel.fi\/fi\/author\/user\/"},"comment_info":0,"_links":{"self":[{"href":"https:\/\/nutshel.fi\/fi\/wp-json\/wp\/v2\/pages\/435","targetHints":{"allow":["GET"]}}],"collection":[{"href":"https:\/\/nutshel.fi\/fi\/wp-json\/wp\/v2\/pages"}],"about":[{"href":"https:\/\/nutshel.fi\/fi\/wp-json\/wp\/v2\/types\/page"}],"author":[{"embeddable":true,"href":"https:\/\/nutshel.fi\/fi\/wp-json\/wp\/v2\/users\/1"}],"replies":[{"embeddable":true,"href":"https:\/\/nutshel.fi\/fi\/wp-json\/wp\/v2\/comments?post=435"}],"version-history":[{"count":8,"href":"https:\/\/nutshel.fi\/fi\/wp-json\/wp\/v2\/pages\/435\/revisions"}],"predecessor-version":[{"id":836,"href":"https:\/\/nutshel.fi\/fi\/wp-json\/wp\/v2\/pages\/435\/revisions\/836"}],"up":[{"embeddable":true,"href":"https:\/\/nutshel.fi\/fi\/wp-json\/wp\/v2\/pages\/433"}],"wp:featuredmedia":[{"embeddable":true,"href":"https:\/\/nutshel.fi\/fi\/wp-json\/wp\/v2\/media\/926"}],"wp:attachment":[{"href":"https:\/\/nutshel.fi\/fi\/wp-json\/wp\/v2\/media?parent=435"}],"curies":[{"name":"wp","href":"https:\/\/api.w.org\/{rel}","templated":true}]}}